{"id":1288,"date":"2016-09-03T12:54:04","date_gmt":"2016-09-03T12:54:04","guid":{"rendered":"https:\/\/zonadecreatie.ro\/home\/"},"modified":"2022-02-13T10:08:35","modified_gmt":"2022-02-13T10:08:35","slug":"home","status":"publish","type":"page","link":"https:\/\/zonadecreatie.ro\/ro\/","title":{"rendered":"Acasa"},"content":{"rendered":"","protected":false},"excerpt":{"rendered":"","protected":false},"author":1,"featured_media":1247,"parent":0,"menu_order":0,"comment_status":"closed","ping_status":"closed","template":"template-fullscreen.php","meta":{"footnotes":""},"class_list":["post-1288","page","type-page","status-publish","has-post-thumbnail","hentry"],"yoast_head":"<!-- This site is optimized with the Yoast SEO plugin v27.1.1 - https:\/\/yoast.com\/product\/yoast-seo-wordpress\/ -->\n<title>Zona de Creatie<\/title>\n<meta name=\"description\" content=\"Zona de Crea\u021bie este un loc de joac\u0103 al creativilor, unde ne l\u0103s\u0103m imagina\u021bia s\u0103 dezvolte identit\u0103\u021bi vizuale unice \u0219i proiecte online de impact pentru brandurile care \u00ee\u0219i doresc s\u0103 ias\u0103 din tipare.\" \/>\n<meta name=\"robots\" content=\"index, follow, max-snippet:-1, max-image-preview:large, max-video-preview:-1\" \/>\n<link rel=\"canonical\" href=\"https:\/\/zonadecreatie.ro\/ro\/\" \/>\n<meta property=\"og:locale\" content=\"ro_RO\" \/>\n<meta property=\"og:type\" content=\"article\" \/>\n<meta property=\"og:title\" content=\"Zona de Creatie\" \/>\n<meta property=\"og:description\" content=\"Zona de Crea\u021bie este un loc de joac\u0103 al creativilor, unde ne l\u0103s\u0103m imagina\u021bia s\u0103 dezvolte identit\u0103\u021bi vizuale unice \u0219i proiecte online de impact pentru brandurile care \u00ee\u0219i doresc s\u0103 ias\u0103 din tipare.\" \/>\n<meta property=\"og:url\" content=\"https:\/\/zonadecreatie.ro\/ro\/\" \/>\n<meta property=\"og:site_name\" content=\"Zona de Creatie\" \/>\n<meta property=\"article:modified_time\" content=\"2022-02-13T10:08:35+00:00\" \/>\n<meta property=\"og:image\" content=\"https:\/\/zonadecreatie.ro\/wp-content\/uploads\/2020\/01\/82281306_2606132799441932_6698651889304600576_o.jpg\" \/>\n\t<meta property=\"og:image:width\" content=\"1800\" \/>\n\t<meta property=\"og:image:height\" content=\"790\" \/>\n\t<meta property=\"og:image:type\" content=\"image\/jpeg\" \/>\n<meta name=\"twitter:card\" content=\"summary_large_image\" \/>\n<script type=\"application\/ld+json\" class=\"yoast-schema-graph\">{\"@context\":\"https:\/\/schema.org\",\"@graph\":[{\"@type\":\"WebPage\",\"@id\":\"https:\/\/zonadecreatie.ro\/ro\/\",\"url\":\"https:\/\/zonadecreatie.ro\/ro\/\",\"name\":\"Zona de Creatie\",\"isPartOf\":{\"@id\":\"https:\/\/zonadecreatie.ro\/#website\"},\"primaryImageOfPage\":{\"@id\":\"https:\/\/zonadecreatie.ro\/ro\/#primaryimage\"},\"image\":{\"@id\":\"https:\/\/zonadecreatie.ro\/ro\/#primaryimage\"},\"thumbnailUrl\":\"https:\/\/zonadecreatie.ro\/wp-content\/uploads\/2020\/01\/82281306_2606132799441932_6698651889304600576_o.jpg\",\"datePublished\":\"2016-09-03T12:54:04+00:00\",\"dateModified\":\"2022-02-13T10:08:35+00:00\",\"description\":\"Zona de Crea\u021bie este un loc de joac\u0103 al creativilor, unde ne l\u0103s\u0103m imagina\u021bia s\u0103 dezvolte identit\u0103\u021bi vizuale unice \u0219i proiecte online de impact pentru brandurile care \u00ee\u0219i doresc s\u0103 ias\u0103 din tipare.\",\"breadcrumb\":{\"@id\":\"https:\/\/zonadecreatie.ro\/ro\/#breadcrumb\"},\"inLanguage\":\"ro-RO\",\"potentialAction\":[{\"@type\":\"ReadAction\",\"target\":[\"https:\/\/zonadecreatie.ro\/ro\/\"]}]},{\"@type\":\"ImageObject\",\"inLanguage\":\"ro-RO\",\"@id\":\"https:\/\/zonadecreatie.ro\/ro\/#primaryimage\",\"url\":\"https:\/\/zonadecreatie.ro\/wp-content\/uploads\/2020\/01\/82281306_2606132799441932_6698651889304600576_o.jpg\",\"contentUrl\":\"https:\/\/zonadecreatie.ro\/wp-content\/uploads\/2020\/01\/82281306_2606132799441932_6698651889304600576_o.jpg\",\"width\":1800,\"height\":790},{\"@type\":\"BreadcrumbList\",\"@id\":\"https:\/\/zonadecreatie.ro\/ro\/#breadcrumb\",\"itemListElement\":[{\"@type\":\"ListItem\",\"position\":1,\"name\":\"Home\",\"item\":\"https:\/\/zonadecreatie.ro\/ro\/\"},{\"@type\":\"ListItem\",\"position\":2,\"name\":\"Acasa\"}]},{\"@type\":\"WebSite\",\"@id\":\"https:\/\/zonadecreatie.ro\/#website\",\"url\":\"https:\/\/zonadecreatie.ro\/\",\"name\":\"Zona de Creatie\",\"description\":\"Natural born branders\",\"publisher\":{\"@id\":\"https:\/\/zonadecreatie.ro\/#organization\"},\"potentialAction\":[{\"@type\":\"SearchAction\",\"target\":{\"@type\":\"EntryPoint\",\"urlTemplate\":\"https:\/\/zonadecreatie.ro\/?s={search_term_string}\"},\"query-input\":{\"@type\":\"PropertyValueSpecification\",\"valueRequired\":true,\"valueName\":\"search_term_string\"}}],\"inLanguage\":\"ro-RO\"},{\"@type\":\"Organization\",\"@id\":\"https:\/\/zonadecreatie.ro\/#organization\",\"name\":\"Zona de Creatie\",\"url\":\"https:\/\/zonadecreatie.ro\/\",\"logo\":{\"@type\":\"ImageObject\",\"inLanguage\":\"ro-RO\",\"@id\":\"https:\/\/zonadecreatie.ro\/#\/schema\/logo\/image\/\",\"url\":\"https:\/\/zonadecreatie.ro\/wp-content\/uploads\/2019\/11\/ZDC_2019_LOGOblack.png\",\"contentUrl\":\"https:\/\/zonadecreatie.ro\/wp-content\/uploads\/2019\/11\/ZDC_2019_LOGOblack.png\",\"width\":900,\"height\":900,\"caption\":\"Zona de Creatie\"},\"image\":{\"@id\":\"https:\/\/zonadecreatie.ro\/#\/schema\/logo\/image\/\"}}]}<\/script>\n<!-- \/ Yoast SEO plugin. -->","yoast_head_json":{"title":"Zona de Creatie","description":"Zona de Crea\u021bie este un loc de joac\u0103 al creativilor, unde ne l\u0103s\u0103m imagina\u021bia s\u0103 dezvolte identit\u0103\u021bi vizuale unice \u0219i proiecte online de impact pentru brandurile care \u00ee\u0219i doresc s\u0103 ias\u0103 din tipare.","robots":{"index":"index","follow":"follow","max-snippet":"max-snippet:-1","max-image-preview":"max-image-preview:large","max-video-preview":"max-video-preview:-1"},"canonical":"https:\/\/zonadecreatie.ro\/ro\/","og_locale":"ro_RO","og_type":"article","og_title":"Zona de Creatie","og_description":"Zona de Crea\u021bie este un loc de joac\u0103 al creativilor, unde ne l\u0103s\u0103m imagina\u021bia s\u0103 dezvolte identit\u0103\u021bi vizuale unice \u0219i proiecte online de impact pentru brandurile care \u00ee\u0219i doresc s\u0103 ias\u0103 din tipare.","og_url":"https:\/\/zonadecreatie.ro\/ro\/","og_site_name":"Zona de Creatie","article_modified_time":"2022-02-13T10:08:35+00:00","og_image":[{"width":1800,"height":790,"url":"https:\/\/zonadecreatie.ro\/wp-content\/uploads\/2020\/01\/82281306_2606132799441932_6698651889304600576_o.jpg","type":"image\/jpeg"}],"twitter_card":"summary_large_image","schema":{"@context":"https:\/\/schema.org","@graph":[{"@type":"WebPage","@id":"https:\/\/zonadecreatie.ro\/ro\/","url":"https:\/\/zonadecreatie.ro\/ro\/","name":"Zona de Creatie","isPartOf":{"@id":"https:\/\/zonadecreatie.ro\/#website"},"primaryImageOfPage":{"@id":"https:\/\/zonadecreatie.ro\/ro\/#primaryimage"},"image":{"@id":"https:\/\/zonadecreatie.ro\/ro\/#primaryimage"},"thumbnailUrl":"https:\/\/zonadecreatie.ro\/wp-content\/uploads\/2020\/01\/82281306_2606132799441932_6698651889304600576_o.jpg","datePublished":"2016-09-03T12:54:04+00:00","dateModified":"2022-02-13T10:08:35+00:00","description":"Zona de Crea\u021bie este un loc de joac\u0103 al creativilor, unde ne l\u0103s\u0103m imagina\u021bia s\u0103 dezvolte identit\u0103\u021bi vizuale unice \u0219i proiecte online de impact pentru brandurile care \u00ee\u0219i doresc s\u0103 ias\u0103 din tipare.","breadcrumb":{"@id":"https:\/\/zonadecreatie.ro\/ro\/#breadcrumb"},"inLanguage":"ro-RO","potentialAction":[{"@type":"ReadAction","target":["https:\/\/zonadecreatie.ro\/ro\/"]}]},{"@type":"ImageObject","inLanguage":"ro-RO","@id":"https:\/\/zonadecreatie.ro\/ro\/#primaryimage","url":"https:\/\/zonadecreatie.ro\/wp-content\/uploads\/2020\/01\/82281306_2606132799441932_6698651889304600576_o.jpg","contentUrl":"https:\/\/zonadecreatie.ro\/wp-content\/uploads\/2020\/01\/82281306_2606132799441932_6698651889304600576_o.jpg","width":1800,"height":790},{"@type":"BreadcrumbList","@id":"https:\/\/zonadecreatie.ro\/ro\/#breadcrumb","itemListElement":[{"@type":"ListItem","position":1,"name":"Home","item":"https:\/\/zonadecreatie.ro\/ro\/"},{"@type":"ListItem","position":2,"name":"Acasa"}]},{"@type":"WebSite","@id":"https:\/\/zonadecreatie.ro\/#website","url":"https:\/\/zonadecreatie.ro\/","name":"Zona de Creatie","description":"Natural born branders","publisher":{"@id":"https:\/\/zonadecreatie.ro\/#organization"},"potentialAction":[{"@type":"SearchAction","target":{"@type":"EntryPoint","urlTemplate":"https:\/\/zonadecreatie.ro\/?s={search_term_string}"},"query-input":{"@type":"PropertyValueSpecification","valueRequired":true,"valueName":"search_term_string"}}],"inLanguage":"ro-RO"},{"@type":"Organization","@id":"https:\/\/zonadecreatie.ro\/#organization","name":"Zona de Creatie","url":"https:\/\/zonadecreatie.ro\/","logo":{"@type":"ImageObject","inLanguage":"ro-RO","@id":"https:\/\/zonadecreatie.ro\/#\/schema\/logo\/image\/","url":"https:\/\/zonadecreatie.ro\/wp-content\/uploads\/2019\/11\/ZDC_2019_LOGOblack.png","contentUrl":"https:\/\/zonadecreatie.ro\/wp-content\/uploads\/2019\/11\/ZDC_2019_LOGOblack.png","width":900,"height":900,"caption":"Zona de Creatie"},"image":{"@id":"https:\/\/zonadecreatie.ro\/#\/schema\/logo\/image\/"}}]}},"_links":{"self":[{"href":"https:\/\/zonadecreatie.ro\/ro\/wp-json\/wp\/v2\/pages\/1288","targetHints":{"allow":["GET"]}}],"collection":[{"href":"https:\/\/zonadecreatie.ro\/ro\/wp-json\/wp\/v2\/pages"}],"about":[{"href":"https:\/\/zonadecreatie.ro\/ro\/wp-json\/wp\/v2\/types\/page"}],"author":[{"embeddable":true,"href":"https:\/\/zonadecreatie.ro\/ro\/wp-json\/wp\/v2\/users\/1"}],"replies":[{"embeddable":true,"href":"https:\/\/zonadecreatie.ro\/ro\/wp-json\/wp\/v2\/comments?post=1288"}],"version-history":[{"count":2,"href":"https:\/\/zonadecreatie.ro\/ro\/wp-json\/wp\/v2\/pages\/1288\/revisions"}],"predecessor-version":[{"id":1291,"href":"https:\/\/zonadecreatie.ro\/ro\/wp-json\/wp\/v2\/pages\/1288\/revisions\/1291"}],"wp:featuredmedia":[{"embeddable":true,"href":"https:\/\/zonadecreatie.ro\/ro\/wp-json\/wp\/v2\/media\/1247"}],"wp:attachment":[{"href":"https:\/\/zonadecreatie.ro\/ro\/wp-json\/wp\/v2\/media?parent=1288"}],"curies":[{"name":"wp","href":"https:\/\/api.w.org\/{rel}","templated":true}]}}