{"id":1276,"date":"2016-09-21T13:06:13","date_gmt":"2016-09-21T13:06:13","guid":{"rendered":"https:\/\/zonadecreatie.ro\/contact-us\/"},"modified":"2020-08-18T09:08:21","modified_gmt":"2020-08-18T09:08:21","slug":"contact","status":"publish","type":"page","link":"https:\/\/zonadecreatie.ro\/ro\/contact\/","title":{"rendered":"Contact"},"content":{"rendered":"<div class=\"wpb-content-wrapper\">[vc_row thb_divider_position=&#8221;bottom&#8221; el_class=&#8221;align-center&#8221; css=&#8221;.vc_custom_1474306346779{padding-top: 120px !important;padding-bottom: 30px !important;}&#8221;][vc_column offset=&#8221;vc_col-lg-7 vc_col-md-9&#8243;]\t<div id=\"thb-autotype-56\" class=\"thb-autotype \">\n\t\t<\/p>\n<h1>Contacteaza-ne prin <div class=\"thb-autotype-entry\" data-thb-loop=\"\" data-strings=\"[&quot;telefon&quot;,&quot;email&quot;,&quot;facebook&quot;]\" data-speed=\"50\"><\/div><\/h1>\n<p>\t\t\t<\/div>\n\n\t[\/vc_column][\/vc_row][vc_row thb_divider_position=&#8221;bottom&#8221; el_class=&#8221;align-center&#8221; css=&#8221;.vc_custom_1474474645883{padding-top: 10vh !important;padding-bottom: 10vh !important;}&#8221;][vc_column offset=&#8221;vc_col-lg-10 vc_col-md-12&#8243;][vc_row_inner][vc_column_inner width=&#8221;1\/4&#8243;][vc_column_text css=&#8221;.vc_custom_1597682934727{border-bottom-width: 2px !important;padding-bottom: 30px !important;border-bottom-color: #f4f4f4 !important;border-bottom-style: solid !important;}&#8221;]<strong>Salut!<\/strong><\/p>\n<p style=\"font-size: 14px;\">Te intereseaz\u0103 s\u0103 creezi un brand nou, s\u0103 dai un refresh celui vechi sau s\u0103-\u021bi dezvol\u021bi o prezen\u021b\u0103 web puternic\u0103?<\/p>\n<p style=\"font-size: 14px;\">Suntem la un email distan\u021b\u0103! D\u0103-ne un semn pe <a href=\"mailto:enter@zonadecreatie.ro\">enter@zonadecreatie.ro<\/a><\/p>\n<p style=\"font-size: 14px;\">Telefon: <a href=\"tel:+40744604624\">40 744 604 624<\/a><\/p>\n[\/vc_column_text][vc_column_text css=&#8221;.vc_custom_1597682955579{border-bottom-width: 2px !important;padding-bottom: 30px !important;border-bottom-color: #f4f4f4 !important;border-bottom-style: solid !important;}&#8221;]<strong>Locatie<\/strong><\/p>\n<p style=\"font-size: 14px;\">Bucuresti<\/p>\n[\/vc_column_text][vc_column_text css=&#8221;.vc_custom_1597682988044{padding-bottom: 30px !important;}&#8221;]<strong>Cariere<\/strong><\/p>\n<p style=\"font-size: 14px;\">Vrei sa te alaturi echipei?<\/p>\n<p style=\"font-size: 14px;\">Trimite CV-ul tau la <a href=\"mailto:marius@zonadecreatie.ro\">marius@zonadecreatie.ro<\/a><\/p>\n[\/vc_column_text][\/vc_column_inner][vc_column_inner width=&#8221;3\/4&#8243; css=&#8221;.vc_custom_1474478996357{padding-left: 5% !important;}&#8221;]\n<div class=\"wpcf7 no-js\" id=\"wpcf7-f1279-o1\" lang=\"en-US\" dir=\"ltr\" data-wpcf7-id=\"1279\">\n<div class=\"screen-reader-response\"><p role=\"status\" aria-live=\"polite\" aria-atomic=\"true\"><\/p> <ul><\/ul><\/div>\n<form action=\"\/ro\/wp-json\/wp\/v2\/pages\/1276#wpcf7-f1279-o1\" method=\"post\" class=\"wpcf7-form init\" aria-label=\"Contact form\" novalidate=\"novalidate\" data-status=\"init\">\n<fieldset class=\"hidden-fields-container\"><input type=\"hidden\" name=\"_wpcf7\" value=\"1279\" \/><input type=\"hidden\" name=\"_wpcf7_version\" value=\"6.1.5\" \/><input type=\"hidden\" name=\"_wpcf7_locale\" value=\"en_US\" \/><input type=\"hidden\" name=\"_wpcf7_unit_tag\" value=\"wpcf7-f1279-o1\" \/><input type=\"hidden\" name=\"_wpcf7_container_post\" value=\"0\" \/><input type=\"hidden\" name=\"_wpcf7_posted_data_hash\" value=\"\" \/><input type=\"hidden\" name=\"_wpcf7_recaptcha_response\" value=\"\" \/>\n<\/fieldset>\n<div class=\"row\">\n\t<div class=\"small-12 large-6 columns\">\n\t\t<p><label>Nume<\/label><span class=\"wpcf7-form-control-wrap\" data-name=\"your-firstname\"><input size=\"40\" maxlength=\"400\" class=\"wpcf7-form-control wpcf7-text wpcf7-validates-as-required full\" aria-required=\"true\" aria-invalid=\"false\" value=\"\" type=\"text\" name=\"your-firstname\" \/><\/span>\n\t\t<\/p>\n\t<\/div>\n\t<div class=\"small-12 large-6 columns\">\n\t\t<p><label>E-mail<\/label><span class=\"wpcf7-form-control-wrap\" data-name=\"your-email\"><input size=\"40\" maxlength=\"400\" class=\"wpcf7-form-control wpcf7-text wpcf7-validates-as-required full\" aria-required=\"true\" aria-invalid=\"false\" value=\"\" type=\"text\" name=\"your-email\" \/><\/span>\n\t\t<\/p>\n\t<\/div>\n\t<div class=\"small-12 columns\">\n\t\t<p><label>Care este bugetul tau?<\/label><span class=\"wpcf7-form-control-wrap\" data-name=\"exclusive\"><span class=\"wpcf7-form-control wpcf7-checkbox\"><span class=\"wpcf7-list-item first\"><label><input type=\"checkbox\" name=\"exclusive[]\" value=\"500 - 1500 euro\" \/><span class=\"wpcf7-list-item-label\">500 - 1500 euro<\/span><\/label><\/span><span class=\"wpcf7-list-item\"><label><input type=\"checkbox\" name=\"exclusive[]\" value=\"2000 - 3500 euro\" \/><span class=\"wpcf7-list-item-label\">2000 - 3500 euro<\/span><\/label><\/span><span class=\"wpcf7-list-item\"><label><input type=\"checkbox\" name=\"exclusive[]\" value=\"5000 - 10000 euro\" \/><span class=\"wpcf7-list-item-label\">5000 - 10000 euro<\/span><\/label><\/span><span class=\"wpcf7-list-item last\"><label><input type=\"checkbox\" name=\"exclusive[]\" value=\"10000+ euro\" \/><span class=\"wpcf7-list-item-label\">10000+ euro<\/span><\/label><\/span><\/span><\/span>\n\t\t<\/p>\n\t<\/div>\n\t<div class=\"small-12 columns\">\n\t\t<p><label>Mesaj<\/label><span class=\"wpcf7-form-control-wrap\" data-name=\"your-message\"><textarea cols=\"40\" rows=\"10\" maxlength=\"2000\" class=\"wpcf7-form-control wpcf7-textarea full\" aria-invalid=\"false\" name=\"your-message\"><\/textarea><\/span>\n\t\t<\/p>\n\t<\/div>\n<\/div>\n<div class=\"row\">\n\t<div class=\"small-12 columns\">\n\t\t<p><span class=\"wpcf7-form-control-wrap\" data-name=\"acceptance-149\"><span class=\"wpcf7-form-control wpcf7-acceptance\"><span class=\"wpcf7-list-item\"><label><input type=\"checkbox\" name=\"acceptance-149\" value=\"1\" aria-invalid=\"false\" \/><span class=\"wpcf7-list-item-label\">Am citit si accept <a href=\"\/privacy-policy\/\" target=\"_blank\">politica de confidentialitate<\/a>.<\/span><\/label><\/span><\/span><\/span><br \/>\n<input class=\"wpcf7-form-control wpcf7-submit has-spinner btn\" type=\"submit\" value=\"Trimite mesaj\" \/>\n\t\t<\/p>\n\t<\/div>\n<\/div><div class=\"wpcf7-response-output\" aria-hidden=\"true\"><\/div>\n<\/form>\n<\/div>\n[\/vc_column_inner][\/vc_row_inner][\/vc_column][\/vc_row]\n<\/div>","protected":false},"excerpt":{"rendered":"<p>[vc_row thb_divider_position=&#8221;bottom&#8221; el_class=&#8221;align-center&#8221; css=&#8221;.vc_custom_1474306346779{padding-top: 120px !important;padding-bottom: 30px !important;}&#8221;][vc_column offset=&#8221;vc_col-lg-7 vc_col-md-9&#8243;][\/vc_column][\/vc_row][vc_row thb_divider_position=&#8221;bottom&#8221; el_class=&#8221;align-center&#8221; css=&#8221;.vc_custom_1474474645883{padding-top: 10vh !important;padding-bottom: 10vh !important;}&#8221;][vc_column offset=&#8221;vc_col-lg-10 vc_col-md-12&#8243;][vc_row_inner][vc_column_inner width=&#8221;1\/4&#8243;][vc_column_text css=&#8221;.vc_custom_1597682934727{border-bottom-width: 2px !important;padding-bottom: 30px !important;border-bottom-color: #f4f4f4 !important;border-bottom-style: solid !important;}&#8221;]Salut! Te intereseaz\u0103 s\u0103 creezi un brand nou, s\u0103 dai un refresh celui vechi sau s\u0103-\u021bi dezvol\u021bi o prezen\u021b\u0103 web puternic\u0103? Suntem la un email distan\u021b\u0103! D\u0103-ne&hellip;<\/p>\n","protected":false},"author":1,"featured_media":1238,"parent":0,"menu_order":0,"comment_status":"closed","ping_status":"closed","template":"","meta":{"footnotes":""},"class_list":["post-1276","page","type-page","status-publish","has-post-thumbnail","hentry"],"yoast_head":"<!-- This site is optimized with the Yoast SEO plugin v27.4 - https:\/\/yoast.com\/product\/yoast-seo-wordpress\/ -->\n<title>Contact - Zona de Creatie<\/title>\n<meta name=\"robots\" content=\"index, follow, max-snippet:-1, max-image-preview:large, max-video-preview:-1\" \/>\n<link rel=\"canonical\" href=\"https:\/\/zonadecreatie.ro\/contact-us\/\" \/>\n<meta property=\"og:locale\" content=\"ro_RO\" \/>\n<meta property=\"og:type\" content=\"article\" \/>\n<meta property=\"og:title\" content=\"Contact - Zona de Creatie\" \/>\n<meta property=\"og:description\" content=\"[vc_row thb_divider_position=&#8221;bottom&#8221; el_class=&#8221;align-center&#8221; css=&#8221;.vc_custom_1474306346779{padding-top: 120px !important;padding-bottom: 30px !important;}&#8221;][vc_column offset=&#8221;vc_col-lg-7 vc_col-md-9&#8243;][\/vc_column][\/vc_row][vc_row thb_divider_position=&#8221;bottom&#8221; el_class=&#8221;align-center&#8221; css=&#8221;.vc_custom_1474474645883{padding-top: 10vh !important;padding-bottom: 10vh !important;}&#8221;][vc_column offset=&#8221;vc_col-lg-10 vc_col-md-12&#8243;][vc_row_inner][vc_column_inner width=&#8221;1\/4&#8243;][vc_column_text css=&#8221;.vc_custom_1597682934727{border-bottom-width: 2px !important;padding-bottom: 30px !important;border-bottom-color: #f4f4f4 !important;border-bottom-style: solid !important;}&#8221;]Salut! Te intereseaz\u0103 s\u0103 creezi un brand nou, s\u0103 dai un refresh celui vechi sau s\u0103-\u021bi dezvol\u021bi o prezen\u021b\u0103 web puternic\u0103? Suntem la un email distan\u021b\u0103! D\u0103-ne&hellip;\" \/>\n<meta property=\"og:url\" content=\"https:\/\/zonadecreatie.ro\/contact-us\/\" \/>\n<meta property=\"og:site_name\" content=\"Zona de Creatie\" \/>\n<meta property=\"article:modified_time\" content=\"2020-08-18T09:08:21+00:00\" \/>\n<meta property=\"og:image\" content=\"https:\/\/zonadecreatie.ro\/wp-content\/uploads\/2020\/01\/marjan-grabowski-HgcdpLIa5jo-unsplash-1-scaled.jpg\" \/>\n\t<meta property=\"og:image:width\" content=\"2560\" \/>\n\t<meta property=\"og:image:height\" content=\"1709\" \/>\n\t<meta property=\"og:image:type\" content=\"image\/jpeg\" \/>\n<meta name=\"twitter:card\" content=\"summary_large_image\" \/>\n<meta name=\"twitter:label1\" content=\"Timp estimat pentru citire\" \/>\n\t<meta name=\"twitter:data1\" content=\"1 minut\" \/>\n<script type=\"application\/ld+json\" class=\"yoast-schema-graph\">{\"@context\":\"https:\\\/\\\/schema.org\",\"@graph\":[{\"@type\":\"WebPage\",\"@id\":\"https:\\\/\\\/zonadecreatie.ro\\\/contact-us\\\/\",\"url\":\"https:\\\/\\\/zonadecreatie.ro\\\/contact-us\\\/\",\"name\":\"Contact - Zona de Creatie\",\"isPartOf\":{\"@id\":\"https:\\\/\\\/zonadecreatie.ro\\\/#website\"},\"primaryImageOfPage\":{\"@id\":\"https:\\\/\\\/zonadecreatie.ro\\\/contact-us\\\/#primaryimage\"},\"image\":{\"@id\":\"https:\\\/\\\/zonadecreatie.ro\\\/contact-us\\\/#primaryimage\"},\"thumbnailUrl\":\"https:\\\/\\\/zonadecreatie.ro\\\/wp-content\\\/uploads\\\/2020\\\/01\\\/marjan-grabowski-HgcdpLIa5jo-unsplash-1-scaled.jpg\",\"datePublished\":\"2016-09-21T13:06:13+00:00\",\"dateModified\":\"2020-08-18T09:08:21+00:00\",\"breadcrumb\":{\"@id\":\"https:\\\/\\\/zonadecreatie.ro\\\/contact-us\\\/#breadcrumb\"},\"inLanguage\":\"ro-RO\",\"potentialAction\":[{\"@type\":\"ReadAction\",\"target\":[\"https:\\\/\\\/zonadecreatie.ro\\\/contact-us\\\/\"]}]},{\"@type\":\"ImageObject\",\"inLanguage\":\"ro-RO\",\"@id\":\"https:\\\/\\\/zonadecreatie.ro\\\/contact-us\\\/#primaryimage\",\"url\":\"https:\\\/\\\/zonadecreatie.ro\\\/wp-content\\\/uploads\\\/2020\\\/01\\\/marjan-grabowski-HgcdpLIa5jo-unsplash-1-scaled.jpg\",\"contentUrl\":\"https:\\\/\\\/zonadecreatie.ro\\\/wp-content\\\/uploads\\\/2020\\\/01\\\/marjan-grabowski-HgcdpLIa5jo-unsplash-1-scaled.jpg\",\"width\":2560,\"height\":1709},{\"@type\":\"BreadcrumbList\",\"@id\":\"https:\\\/\\\/zonadecreatie.ro\\\/contact-us\\\/#breadcrumb\",\"itemListElement\":[{\"@type\":\"ListItem\",\"position\":1,\"name\":\"Home\",\"item\":\"https:\\\/\\\/zonadecreatie.ro\\\/ro\\\/\"},{\"@type\":\"ListItem\",\"position\":2,\"name\":\"Contact\"}]},{\"@type\":\"WebSite\",\"@id\":\"https:\\\/\\\/zonadecreatie.ro\\\/#website\",\"url\":\"https:\\\/\\\/zonadecreatie.ro\\\/\",\"name\":\"Zona de Creatie\",\"description\":\"Natural born branders\",\"publisher\":{\"@id\":\"https:\\\/\\\/zonadecreatie.ro\\\/#organization\"},\"potentialAction\":[{\"@type\":\"SearchAction\",\"target\":{\"@type\":\"EntryPoint\",\"urlTemplate\":\"https:\\\/\\\/zonadecreatie.ro\\\/?s={search_term_string}\"},\"query-input\":{\"@type\":\"PropertyValueSpecification\",\"valueRequired\":true,\"valueName\":\"search_term_string\"}}],\"inLanguage\":\"ro-RO\"},{\"@type\":\"Organization\",\"@id\":\"https:\\\/\\\/zonadecreatie.ro\\\/#organization\",\"name\":\"Zona de Creatie\",\"url\":\"https:\\\/\\\/zonadecreatie.ro\\\/\",\"logo\":{\"@type\":\"ImageObject\",\"inLanguage\":\"ro-RO\",\"@id\":\"https:\\\/\\\/zonadecreatie.ro\\\/#\\\/schema\\\/logo\\\/image\\\/\",\"url\":\"https:\\\/\\\/zonadecreatie.ro\\\/wp-content\\\/uploads\\\/2019\\\/11\\\/ZDC_2019_LOGOblack.png\",\"contentUrl\":\"https:\\\/\\\/zonadecreatie.ro\\\/wp-content\\\/uploads\\\/2019\\\/11\\\/ZDC_2019_LOGOblack.png\",\"width\":900,\"height\":900,\"caption\":\"Zona de Creatie\"},\"image\":{\"@id\":\"https:\\\/\\\/zonadecreatie.ro\\\/#\\\/schema\\\/logo\\\/image\\\/\"}}]}<\/script>\n<!-- \/ Yoast SEO plugin. -->","yoast_head_json":{"title":"Contact - Zona de Creatie","robots":{"index":"index","follow":"follow","max-snippet":"max-snippet:-1","max-image-preview":"max-image-preview:large","max-video-preview":"max-video-preview:-1"},"canonical":"https:\/\/zonadecreatie.ro\/contact-us\/","og_locale":"ro_RO","og_type":"article","og_title":"Contact - Zona de Creatie","og_description":"[vc_row thb_divider_position=&#8221;bottom&#8221; el_class=&#8221;align-center&#8221; css=&#8221;.vc_custom_1474306346779{padding-top: 120px !important;padding-bottom: 30px !important;}&#8221;][vc_column offset=&#8221;vc_col-lg-7 vc_col-md-9&#8243;][\/vc_column][\/vc_row][vc_row thb_divider_position=&#8221;bottom&#8221; el_class=&#8221;align-center&#8221; css=&#8221;.vc_custom_1474474645883{padding-top: 10vh !important;padding-bottom: 10vh !important;}&#8221;][vc_column offset=&#8221;vc_col-lg-10 vc_col-md-12&#8243;][vc_row_inner][vc_column_inner width=&#8221;1\/4&#8243;][vc_column_text css=&#8221;.vc_custom_1597682934727{border-bottom-width: 2px !important;padding-bottom: 30px !important;border-bottom-color: #f4f4f4 !important;border-bottom-style: solid !important;}&#8221;]Salut! Te intereseaz\u0103 s\u0103 creezi un brand nou, s\u0103 dai un refresh celui vechi sau s\u0103-\u021bi dezvol\u021bi o prezen\u021b\u0103 web puternic\u0103? Suntem la un email distan\u021b\u0103! D\u0103-ne&hellip;","og_url":"https:\/\/zonadecreatie.ro\/contact-us\/","og_site_name":"Zona de Creatie","article_modified_time":"2020-08-18T09:08:21+00:00","og_image":[{"width":2560,"height":1709,"url":"https:\/\/zonadecreatie.ro\/wp-content\/uploads\/2020\/01\/marjan-grabowski-HgcdpLIa5jo-unsplash-1-scaled.jpg","type":"image\/jpeg"}],"twitter_card":"summary_large_image","twitter_misc":{"Timp estimat pentru citire":"1 minut"},"schema":{"@context":"https:\/\/schema.org","@graph":[{"@type":"WebPage","@id":"https:\/\/zonadecreatie.ro\/contact-us\/","url":"https:\/\/zonadecreatie.ro\/contact-us\/","name":"Contact - Zona de Creatie","isPartOf":{"@id":"https:\/\/zonadecreatie.ro\/#website"},"primaryImageOfPage":{"@id":"https:\/\/zonadecreatie.ro\/contact-us\/#primaryimage"},"image":{"@id":"https:\/\/zonadecreatie.ro\/contact-us\/#primaryimage"},"thumbnailUrl":"https:\/\/zonadecreatie.ro\/wp-content\/uploads\/2020\/01\/marjan-grabowski-HgcdpLIa5jo-unsplash-1-scaled.jpg","datePublished":"2016-09-21T13:06:13+00:00","dateModified":"2020-08-18T09:08:21+00:00","breadcrumb":{"@id":"https:\/\/zonadecreatie.ro\/contact-us\/#breadcrumb"},"inLanguage":"ro-RO","potentialAction":[{"@type":"ReadAction","target":["https:\/\/zonadecreatie.ro\/contact-us\/"]}]},{"@type":"ImageObject","inLanguage":"ro-RO","@id":"https:\/\/zonadecreatie.ro\/contact-us\/#primaryimage","url":"https:\/\/zonadecreatie.ro\/wp-content\/uploads\/2020\/01\/marjan-grabowski-HgcdpLIa5jo-unsplash-1-scaled.jpg","contentUrl":"https:\/\/zonadecreatie.ro\/wp-content\/uploads\/2020\/01\/marjan-grabowski-HgcdpLIa5jo-unsplash-1-scaled.jpg","width":2560,"height":1709},{"@type":"BreadcrumbList","@id":"https:\/\/zonadecreatie.ro\/contact-us\/#breadcrumb","itemListElement":[{"@type":"ListItem","position":1,"name":"Home","item":"https:\/\/zonadecreatie.ro\/ro\/"},{"@type":"ListItem","position":2,"name":"Contact"}]},{"@type":"WebSite","@id":"https:\/\/zonadecreatie.ro\/#website","url":"https:\/\/zonadecreatie.ro\/","name":"Zona de Creatie","description":"Natural born branders","publisher":{"@id":"https:\/\/zonadecreatie.ro\/#organization"},"potentialAction":[{"@type":"SearchAction","target":{"@type":"EntryPoint","urlTemplate":"https:\/\/zonadecreatie.ro\/?s={search_term_string}"},"query-input":{"@type":"PropertyValueSpecification","valueRequired":true,"valueName":"search_term_string"}}],"inLanguage":"ro-RO"},{"@type":"Organization","@id":"https:\/\/zonadecreatie.ro\/#organization","name":"Zona de Creatie","url":"https:\/\/zonadecreatie.ro\/","logo":{"@type":"ImageObject","inLanguage":"ro-RO","@id":"https:\/\/zonadecreatie.ro\/#\/schema\/logo\/image\/","url":"https:\/\/zonadecreatie.ro\/wp-content\/uploads\/2019\/11\/ZDC_2019_LOGOblack.png","contentUrl":"https:\/\/zonadecreatie.ro\/wp-content\/uploads\/2019\/11\/ZDC_2019_LOGOblack.png","width":900,"height":900,"caption":"Zona de Creatie"},"image":{"@id":"https:\/\/zonadecreatie.ro\/#\/schema\/logo\/image\/"}}]}},"_links":{"self":[{"href":"https:\/\/zonadecreatie.ro\/ro\/wp-json\/wp\/v2\/pages\/1276","targetHints":{"allow":["GET"]}}],"collection":[{"href":"https:\/\/zonadecreatie.ro\/ro\/wp-json\/wp\/v2\/pages"}],"about":[{"href":"https:\/\/zonadecreatie.ro\/ro\/wp-json\/wp\/v2\/types\/page"}],"author":[{"embeddable":true,"href":"https:\/\/zonadecreatie.ro\/ro\/wp-json\/wp\/v2\/users\/1"}],"replies":[{"embeddable":true,"href":"https:\/\/zonadecreatie.ro\/ro\/wp-json\/wp\/v2\/comments?post=1276"}],"version-history":[{"count":4,"href":"https:\/\/zonadecreatie.ro\/ro\/wp-json\/wp\/v2\/pages\/1276\/revisions"}],"predecessor-version":[{"id":1364,"href":"https:\/\/zonadecreatie.ro\/ro\/wp-json\/wp\/v2\/pages\/1276\/revisions\/1364"}],"wp:featuredmedia":[{"embeddable":true,"href":"https:\/\/zonadecreatie.ro\/ro\/wp-json\/wp\/v2\/media\/1238"}],"wp:attachment":[{"href":"https:\/\/zonadecreatie.ro\/ro\/wp-json\/wp\/v2\/media?parent=1276"}],"curies":[{"name":"wp","href":"https:\/\/api.w.org\/{rel}","templated":true}]}}